{"id":4175,"date":"2021-06-30T15:17:12","date_gmt":"2021-06-30T18:17:12","guid":{"rendered":"https:\/\/opticaluro.com.ar\/blog\/?page_id=4175"},"modified":"2022-09-27T11:23:03","modified_gmt":"2022-09-27T14:23:03","slug":"union-pacific-anteojos","status":"publish","type":"page","link":"https:\/\/opticaluro.com.ar\/blog\/union-pacific-anteojos\/","title":{"rendered":"Union Pacific"},"content":{"rendered":"<p><img loading=\"lazy\" class=\"alignleft wp-image-3704\" src=\"https:\/\/opticaluro.com.ar\/blog\/wp-content\/uploads\/2021\/06\/union-pacific.png\" alt=\"Union Pacific\" width=\"104\" height=\"62\" \/><\/p>\n<div class=\"col-md-6\">\n<p><strong>Union Pacific<\/strong>\u00a0unifica los dise\u00f1os cl\u00e1sicos con modelos pensados para un p\u00fablico joven y descontracturado.<\/p>\n<\/div>\n<p>&nbsp;<\/p>\n<div class=\"col-md-4\">\n<h2 class=\"titant\"><span style=\"color: #333333;\"><strong>ANTEOJOS DE SOL<\/strong><\/span><\/h2>\n<div id='gallery-1' class='gallery galleryid-4175 gallery-columns-2 gallery-size-full'><dl class='gallery-item'>\n\t\t\t<dt class='gallery-icon landscape'>\n\t\t\t\t<a href='https:\/\/opticaluro.com.ar\/blog\/wp-content\/uploads\/2022\/09\/union-pacific-9382.png'><img width=\"750\" height=\"322\" src=\"https:\/\/opticaluro.com.ar\/blog\/wp-content\/uploads\/2022\/09\/union-pacific-9382.png\" class=\"attachment-full size-full\" alt=\"\" loading=\"lazy\" aria-describedby=\"gallery-1-4470\" srcset=\"https:\/\/opticaluro.com.ar\/blog\/wp-content\/uploads\/2022\/09\/union-pacific-9382.png 750w, https:\/\/opticaluro.com.ar\/blog\/wp-content\/uploads\/2022\/09\/union-pacific-9382-300x129.png 300w\" sizes=\"(max-width: 750px) 100vw, 750px\" \/><\/a>\n\t\t\t<\/dt>\n\t\t\t\t<dd class='wp-caption-text gallery-caption' id='gallery-1-4470'>\n\t\t\t\tUP 9382\n\t\t\t\t<\/dd><\/dl><dl class='gallery-item'>\n\t\t\t<dt class='gallery-icon landscape'>\n\t\t\t\t<a href='https:\/\/opticaluro.com.ar\/blog\/wp-content\/uploads\/2022\/09\/union-pacific-9631.png'><img width=\"750\" height=\"322\" src=\"https:\/\/opticaluro.com.ar\/blog\/wp-content\/uploads\/2022\/09\/union-pacific-9631.png\" class=\"attachment-full size-full\" alt=\"\" loading=\"lazy\" aria-describedby=\"gallery-1-4468\" srcset=\"https:\/\/opticaluro.com.ar\/blog\/wp-content\/uploads\/2022\/09\/union-pacific-9631.png 750w, https:\/\/opticaluro.com.ar\/blog\/wp-content\/uploads\/2022\/09\/union-pacific-9631-300x129.png 300w\" sizes=\"(max-width: 750px) 100vw, 750px\" \/><\/a>\n\t\t\t<\/dt>\n\t\t\t\t<dd class='wp-caption-text gallery-caption' id='gallery-1-4468'>\n\t\t\t\tUP PANAMA 9631\n\t\t\t\t<\/dd><\/dl><br style=\"clear: both\" \/><dl class='gallery-item'>\n\t\t\t<dt class='gallery-icon landscape'>\n\t\t\t\t<a href='https:\/\/opticaluro.com.ar\/blog\/wp-content\/uploads\/2022\/09\/union-pacific-9637.png'><img width=\"750\" height=\"322\" src=\"https:\/\/opticaluro.com.ar\/blog\/wp-content\/uploads\/2022\/09\/union-pacific-9637.png\" class=\"attachment-full size-full\" alt=\"\" loading=\"lazy\" aria-describedby=\"gallery-1-4467\" srcset=\"https:\/\/opticaluro.com.ar\/blog\/wp-content\/uploads\/2022\/09\/union-pacific-9637.png 750w, https:\/\/opticaluro.com.ar\/blog\/wp-content\/uploads\/2022\/09\/union-pacific-9637-300x129.png 300w\" sizes=\"(max-width: 750px) 100vw, 750px\" \/><\/a>\n\t\t\t<\/dt>\n\t\t\t\t<dd class='wp-caption-text gallery-caption' id='gallery-1-4467'>\n\t\t\t\tUP NOVA 9637\n\t\t\t\t<\/dd><\/dl><dl class='gallery-item'>\n\t\t\t<dt class='gallery-icon landscape'>\n\t\t\t\t<a href='https:\/\/opticaluro.com.ar\/blog\/wp-content\/uploads\/2022\/09\/union-pacific-9627.png'><img width=\"750\" height=\"322\" src=\"https:\/\/opticaluro.com.ar\/blog\/wp-content\/uploads\/2022\/09\/union-pacific-9627.png\" class=\"attachment-full size-full\" alt=\"\" loading=\"lazy\" aria-describedby=\"gallery-1-4471\" srcset=\"https:\/\/opticaluro.com.ar\/blog\/wp-content\/uploads\/2022\/09\/union-pacific-9627.png 750w, https:\/\/opticaluro.com.ar\/blog\/wp-content\/uploads\/2022\/09\/union-pacific-9627-300x129.png 300w\" sizes=\"(max-width: 750px) 100vw, 750px\" \/><\/a>\n\t\t\t<\/dt>\n\t\t\t\t<dd class='wp-caption-text gallery-caption' id='gallery-1-4471'>\n\t\t\t\tUP ECUADOR 9627\n\t\t\t\t<\/dd><\/dl><br style=\"clear: both\" \/><dl class='gallery-item'>\n\t\t\t<dt class='gallery-icon landscape'>\n\t\t\t\t<a href='https:\/\/opticaluro.com.ar\/blog\/wp-content\/uploads\/2022\/09\/union-pacific-9595.png'><img width=\"750\" height=\"322\" src=\"https:\/\/opticaluro.com.ar\/blog\/wp-content\/uploads\/2022\/09\/union-pacific-9595.png\" class=\"attachment-full size-full\" alt=\"\" loading=\"lazy\" aria-describedby=\"gallery-1-4469\" srcset=\"https:\/\/opticaluro.com.ar\/blog\/wp-content\/uploads\/2022\/09\/union-pacific-9595.png 750w, https:\/\/opticaluro.com.ar\/blog\/wp-content\/uploads\/2022\/09\/union-pacific-9595-300x129.png 300w\" sizes=\"(max-width: 750px) 100vw, 750px\" \/><\/a>\n\t\t\t<\/dt>\n\t\t\t\t<dd class='wp-caption-text gallery-caption' id='gallery-1-4469'>\n\t\t\t\tUP 9595\n\t\t\t\t<\/dd><\/dl><dl class='gallery-item'>\n\t\t\t<dt class='gallery-icon landscape'>\n\t\t\t\t<a href='https:\/\/opticaluro.com.ar\/blog\/wp-content\/uploads\/2021\/06\/union-pacific-9579.jpg'><img width=\"750\" height=\"322\" src=\"https:\/\/opticaluro.com.ar\/blog\/wp-content\/uploads\/2021\/06\/union-pacific-9579.jpg\" class=\"attachment-full size-full\" alt=\"union-pacific-9579\" loading=\"lazy\" aria-describedby=\"gallery-1-4178\" srcset=\"https:\/\/opticaluro.com.ar\/blog\/wp-content\/uploads\/2021\/06\/union-pacific-9579.jpg 750w, https:\/\/opticaluro.com.ar\/blog\/wp-content\/uploads\/2021\/06\/union-pacific-9579-300x129.jpg 300w\" sizes=\"(max-width: 750px) 100vw, 750px\" \/><\/a>\n\t\t\t<\/dt>\n\t\t\t\t<dd class='wp-caption-text gallery-caption' id='gallery-1-4178'>\n\t\t\t\tUnion Pacific 9579\n\t\t\t\t<\/dd><\/dl><br style=\"clear: both\" \/><dl class='gallery-item'>\n\t\t\t<dt class='gallery-icon landscape'>\n\t\t\t\t<a href='https:\/\/opticaluro.com.ar\/blog\/wp-content\/uploads\/2021\/06\/union-pacific-9517.jpg'><img width=\"750\" height=\"322\" src=\"https:\/\/opticaluro.com.ar\/blog\/wp-content\/uploads\/2021\/06\/union-pacific-9517.jpg\" class=\"attachment-full size-full\" alt=\"union-pacific-9517\" loading=\"lazy\" aria-describedby=\"gallery-1-4177\" srcset=\"https:\/\/opticaluro.com.ar\/blog\/wp-content\/uploads\/2021\/06\/union-pacific-9517.jpg 750w, https:\/\/opticaluro.com.ar\/blog\/wp-content\/uploads\/2021\/06\/union-pacific-9517-300x129.jpg 300w\" sizes=\"(max-width: 750px) 100vw, 750px\" \/><\/a>\n\t\t\t<\/dt>\n\t\t\t\t<dd class='wp-caption-text gallery-caption' id='gallery-1-4177'>\n\t\t\t\tUnion Pacific 9517\n\t\t\t\t<\/dd><\/dl>\n\t\t\t<br style='clear: both' \/>\n\t\t<\/div>\n\n<h2 class=\"titant\"><span style=\"color: #333333;\"><strong>ANTEOJOS RECETADOS<\/strong><\/span><\/h2>\n<div id='gallery-2' class='gallery galleryid-4175 gallery-columns-2 gallery-size-full'><dl class='gallery-item'>\n\t\t\t<dt class='gallery-icon landscape'>\n\t\t\t\t<a href='https:\/\/opticaluro.com.ar\/blog\/wp-content\/uploads\/2021\/06\/union-pacific-8525.jpg'><img width=\"750\" height=\"322\" src=\"https:\/\/opticaluro.com.ar\/blog\/wp-content\/uploads\/2021\/06\/union-pacific-8525.jpg\" class=\"attachment-full size-full\" alt=\"union-pacific-8525\" loading=\"lazy\" aria-describedby=\"gallery-2-4179\" srcset=\"https:\/\/opticaluro.com.ar\/blog\/wp-content\/uploads\/2021\/06\/union-pacific-8525.jpg 750w, https:\/\/opticaluro.com.ar\/blog\/wp-content\/uploads\/2021\/06\/union-pacific-8525-300x129.jpg 300w\" sizes=\"(max-width: 750px) 100vw, 750px\" \/><\/a>\n\t\t\t<\/dt>\n\t\t\t\t<dd class='wp-caption-text gallery-caption' id='gallery-2-4179'>\n\t\t\t\tUnion Pacific 8525\n\t\t\t\t<\/dd><\/dl>\n\t\t\t<br style='clear: both' \/>\n\t\t<\/div>\n\n<p><a href=\"https:\/\/opticaluro.com.ar\/blog\/marcas-anteojos\/\"><img loading=\"lazy\" class=\"size-full wp-image-3621 alignleft\" src=\"https:\/\/opticaluro.com.ar\/blog\/wp-content\/uploads\/2021\/06\/ver-otras-marcas2.jpg\" alt=\"\" width=\"166\" height=\"45\" \/><\/a><a href=\"https:\/\/opticaluro.com.ar\/contacto.html\" target=\"_blank\" rel=\"noopener\"><img loading=\"lazy\" class=\"alignright size-full wp-image-3620\" src=\"https:\/\/opticaluro.com.ar\/blog\/wp-content\/uploads\/2021\/06\/contacto2.jpg\" alt=\"\" width=\"423\" height=\"45\" srcset=\"https:\/\/opticaluro.com.ar\/blog\/wp-content\/uploads\/2021\/06\/contacto2.jpg 423w, https:\/\/opticaluro.com.ar\/blog\/wp-content\/uploads\/2021\/06\/contacto2-300x32.jpg 300w\" sizes=\"(max-width: 423px) 100vw, 423px\" \/><\/a><\/p>\n<\/div>\n<p>&nbsp;<\/p>\n","protected":false},"excerpt":{"rendered":"<p>Union Pacific\u00a0unifica los dise\u00f1os cl\u00e1sicos con modelos pensados para un p\u00fablico joven y descontracturado. &nbsp; ANTEOJOS DE SOL ANTEOJOS RECETADOS &nbsp;<\/p>\n","protected":false},"author":1,"featured_media":0,"parent":0,"menu_order":0,"comment_status":"closed","ping_status":"closed","template":"onecolumn-page.php","meta":[],"_links":{"self":[{"href":"https:\/\/opticaluro.com.ar\/blog\/wp-json\/wp\/v2\/pages\/4175"}],"collection":[{"href":"https:\/\/opticaluro.com.ar\/blog\/wp-json\/wp\/v2\/pages"}],"about":[{"href":"https:\/\/opticaluro.com.ar\/blog\/wp-json\/wp\/v2\/types\/page"}],"author":[{"embeddable":true,"href":"https:\/\/opticaluro.com.ar\/blog\/wp-json\/wp\/v2\/users\/1"}],"replies":[{"embeddable":true,"href":"https:\/\/opticaluro.com.ar\/blog\/wp-json\/wp\/v2\/comments?post=4175"}],"version-history":[{"count":3,"href":"https:\/\/opticaluro.com.ar\/blog\/wp-json\/wp\/v2\/pages\/4175\/revisions"}],"predecessor-version":[{"id":4474,"href":"https:\/\/opticaluro.com.ar\/blog\/wp-json\/wp\/v2\/pages\/4175\/revisions\/4474"}],"wp:attachment":[{"href":"https:\/\/opticaluro.com.ar\/blog\/wp-json\/wp\/v2\/media?parent=4175"}],"curies":[{"name":"wp","href":"https:\/\/api.w.org\/{rel}","templated":true}]}}