{"id":4037,"date":"2021-06-29T15:17:05","date_gmt":"2021-06-29T18:17:05","guid":{"rendered":"https:\/\/opticaluro.com.ar\/blog\/?page_id=4037"},"modified":"2021-11-29T10:46:34","modified_gmt":"2021-11-29T13:46:34","slug":"mormaii","status":"publish","type":"page","link":"https:\/\/opticaluro.com.ar\/blog\/mormaii\/","title":{"rendered":"Mormaii"},"content":{"rendered":"<p><img loading=\"lazy\" class=\"alignleft wp-image-3704\" src=\"https:\/\/opticaluro.com.ar\/blog\/wp-content\/uploads\/2021\/06\/mormaii.png\" alt=\"Mormaii\" width=\"104\" height=\"62\" \/><strong>Mormaii<\/strong> Es una marca l\u00edder de anteojos de sol y receta de origen brasile\u00f1o, que desarrolla modelos ideales para practicar surf, deportes acu\u00e1ticos y disciplinas extremas. Un estilo joven para los amantes de las actividades al aire libre.<\/p>\n<p>&nbsp;<\/p>\n<div class=\"col-md-4\">\n<h2 class=\"titant\"><span style=\"color: #333333;\"><strong>ANTEOJOS DE SOL<\/strong><\/span><\/h2>\n<div id='gallery-1' class='gallery galleryid-4037 gallery-columns-2 gallery-size-full'><dl class='gallery-item'>\n\t\t\t<dt class='gallery-icon landscape'>\n\t\t\t\t<a href='https:\/\/opticaluro.com.ar\/blog\/wp-content\/uploads\/2021\/11\/mormaii-fiji-09.jpg'><img width=\"750\" height=\"322\" src=\"https:\/\/opticaluro.com.ar\/blog\/wp-content\/uploads\/2021\/11\/mormaii-fiji-09.jpg\" class=\"attachment-full size-full\" alt=\"\" loading=\"lazy\" aria-describedby=\"gallery-1-4293\" srcset=\"https:\/\/opticaluro.com.ar\/blog\/wp-content\/uploads\/2021\/11\/mormaii-fiji-09.jpg 750w, https:\/\/opticaluro.com.ar\/blog\/wp-content\/uploads\/2021\/11\/mormaii-fiji-09-300x129.jpg 300w\" sizes=\"(max-width: 750px) 100vw, 750px\" \/><\/a>\n\t\t\t<\/dt>\n\t\t\t\t<dd class='wp-caption-text gallery-caption' id='gallery-1-4293'>\n\t\t\t\tMormaii-Fiji-09\n\t\t\t\t<\/dd><\/dl><dl class='gallery-item'>\n\t\t\t<dt class='gallery-icon landscape'>\n\t\t\t\t<a href='https:\/\/opticaluro.com.ar\/blog\/wp-content\/uploads\/2021\/11\/mormaii-fiji-11.jpg'><img width=\"750\" height=\"322\" src=\"https:\/\/opticaluro.com.ar\/blog\/wp-content\/uploads\/2021\/11\/mormaii-fiji-11.jpg\" class=\"attachment-full size-full\" alt=\"\" loading=\"lazy\" aria-describedby=\"gallery-1-4294\" srcset=\"https:\/\/opticaluro.com.ar\/blog\/wp-content\/uploads\/2021\/11\/mormaii-fiji-11.jpg 750w, https:\/\/opticaluro.com.ar\/blog\/wp-content\/uploads\/2021\/11\/mormaii-fiji-11-300x129.jpg 300w\" sizes=\"(max-width: 750px) 100vw, 750px\" \/><\/a>\n\t\t\t<\/dt>\n\t\t\t\t<dd class='wp-caption-text gallery-caption' id='gallery-1-4294'>\n\t\t\t\tMormaii-Fiji-11\n\t\t\t\t<\/dd><\/dl><br style=\"clear: both\" \/><dl class='gallery-item'>\n\t\t\t<dt class='gallery-icon landscape'>\n\t\t\t\t<a href='https:\/\/opticaluro.com.ar\/blog\/wp-content\/uploads\/2021\/11\/mormaii-fiji-16.jpg'><img width=\"750\" height=\"322\" src=\"https:\/\/opticaluro.com.ar\/blog\/wp-content\/uploads\/2021\/11\/mormaii-fiji-16.jpg\" class=\"attachment-full size-full\" alt=\"\" loading=\"lazy\" aria-describedby=\"gallery-1-4295\" srcset=\"https:\/\/opticaluro.com.ar\/blog\/wp-content\/uploads\/2021\/11\/mormaii-fiji-16.jpg 750w, https:\/\/opticaluro.com.ar\/blog\/wp-content\/uploads\/2021\/11\/mormaii-fiji-16-300x129.jpg 300w\" sizes=\"(max-width: 750px) 100vw, 750px\" \/><\/a>\n\t\t\t<\/dt>\n\t\t\t\t<dd class='wp-caption-text gallery-caption' id='gallery-1-4295'>\n\t\t\t\tMormaii-fiji-16\n\t\t\t\t<\/dd><\/dl><dl class='gallery-item'>\n\t\t\t<dt class='gallery-icon landscape'>\n\t\t\t\t<a href='https:\/\/opticaluro.com.ar\/blog\/wp-content\/uploads\/2021\/11\/mormaii-joaca-3-04.jpg'><img width=\"750\" height=\"322\" src=\"https:\/\/opticaluro.com.ar\/blog\/wp-content\/uploads\/2021\/11\/mormaii-joaca-3-04.jpg\" class=\"attachment-full size-full\" alt=\"\" loading=\"lazy\" aria-describedby=\"gallery-1-4298\" srcset=\"https:\/\/opticaluro.com.ar\/blog\/wp-content\/uploads\/2021\/11\/mormaii-joaca-3-04.jpg 750w, https:\/\/opticaluro.com.ar\/blog\/wp-content\/uploads\/2021\/11\/mormaii-joaca-3-04-300x129.jpg 300w\" sizes=\"(max-width: 750px) 100vw, 750px\" \/><\/a>\n\t\t\t<\/dt>\n\t\t\t\t<dd class='wp-caption-text gallery-caption' id='gallery-1-4298'>\n\t\t\t\tMormaii-Joaca-3-04\n\t\t\t\t<\/dd><\/dl><br style=\"clear: both\" \/><dl class='gallery-item'>\n\t\t\t<dt class='gallery-icon landscape'>\n\t\t\t\t<a href='https:\/\/opticaluro.com.ar\/blog\/wp-content\/uploads\/2021\/11\/mormaii-joaca-3-07.jpg'><img width=\"750\" height=\"322\" src=\"https:\/\/opticaluro.com.ar\/blog\/wp-content\/uploads\/2021\/11\/mormaii-joaca-3-07.jpg\" class=\"attachment-full size-full\" alt=\"\" loading=\"lazy\" aria-describedby=\"gallery-1-4299\" srcset=\"https:\/\/opticaluro.com.ar\/blog\/wp-content\/uploads\/2021\/11\/mormaii-joaca-3-07.jpg 750w, https:\/\/opticaluro.com.ar\/blog\/wp-content\/uploads\/2021\/11\/mormaii-joaca-3-07-300x129.jpg 300w\" sizes=\"(max-width: 750px) 100vw, 750px\" \/><\/a>\n\t\t\t<\/dt>\n\t\t\t\t<dd class='wp-caption-text gallery-caption' id='gallery-1-4299'>\n\t\t\t\tMormaii-Joaca-3-07\n\t\t\t\t<\/dd><\/dl><dl class='gallery-item'>\n\t\t\t<dt class='gallery-icon landscape'>\n\t\t\t\t<a href='https:\/\/opticaluro.com.ar\/blog\/wp-content\/uploads\/2021\/11\/Mormaii-Phuket-02.jpg'><img width=\"750\" height=\"322\" src=\"https:\/\/opticaluro.com.ar\/blog\/wp-content\/uploads\/2021\/11\/Mormaii-Phuket-02.jpg\" class=\"attachment-full size-full\" alt=\"\" loading=\"lazy\" aria-describedby=\"gallery-1-4300\" srcset=\"https:\/\/opticaluro.com.ar\/blog\/wp-content\/uploads\/2021\/11\/Mormaii-Phuket-02.jpg 750w, https:\/\/opticaluro.com.ar\/blog\/wp-content\/uploads\/2021\/11\/Mormaii-Phuket-02-300x129.jpg 300w\" sizes=\"(max-width: 750px) 100vw, 750px\" \/><\/a>\n\t\t\t<\/dt>\n\t\t\t\t<dd class='wp-caption-text gallery-caption' id='gallery-1-4300'>\n\t\t\t\tMormaii-Phuket-02\n\t\t\t\t<\/dd><\/dl><br style=\"clear: both\" \/><dl class='gallery-item'>\n\t\t\t<dt class='gallery-icon landscape'>\n\t\t\t\t<a href='https:\/\/opticaluro.com.ar\/blog\/wp-content\/uploads\/2021\/11\/Mormaii-Phuket-05.jpg'><img width=\"750\" height=\"322\" src=\"https:\/\/opticaluro.com.ar\/blog\/wp-content\/uploads\/2021\/11\/Mormaii-Phuket-05.jpg\" class=\"attachment-full size-full\" alt=\"\" loading=\"lazy\" aria-describedby=\"gallery-1-4301\" srcset=\"https:\/\/opticaluro.com.ar\/blog\/wp-content\/uploads\/2021\/11\/Mormaii-Phuket-05.jpg 750w, https:\/\/opticaluro.com.ar\/blog\/wp-content\/uploads\/2021\/11\/Mormaii-Phuket-05-300x129.jpg 300w\" sizes=\"(max-width: 750px) 100vw, 750px\" \/><\/a>\n\t\t\t<\/dt>\n\t\t\t\t<dd class='wp-caption-text gallery-caption' id='gallery-1-4301'>\n\t\t\t\tMormaii-Phuket-05\n\t\t\t\t<\/dd><\/dl><dl class='gallery-item'>\n\t\t\t<dt class='gallery-icon landscape'>\n\t\t\t\t<a href='https:\/\/opticaluro.com.ar\/blog\/wp-content\/uploads\/2021\/11\/Mormaii-Phuket-07.jpg'><img width=\"750\" height=\"322\" src=\"https:\/\/opticaluro.com.ar\/blog\/wp-content\/uploads\/2021\/11\/Mormaii-Phuket-07.jpg\" class=\"attachment-full size-full\" alt=\"\" loading=\"lazy\" aria-describedby=\"gallery-1-4302\" srcset=\"https:\/\/opticaluro.com.ar\/blog\/wp-content\/uploads\/2021\/11\/Mormaii-Phuket-07.jpg 750w, https:\/\/opticaluro.com.ar\/blog\/wp-content\/uploads\/2021\/11\/Mormaii-Phuket-07-300x129.jpg 300w\" sizes=\"(max-width: 750px) 100vw, 750px\" \/><\/a>\n\t\t\t<\/dt>\n\t\t\t\t<dd class='wp-caption-text gallery-caption' id='gallery-1-4302'>\n\t\t\t\tMormaii-Phuket-07\n\t\t\t\t<\/dd><\/dl><br style=\"clear: both\" \/><dl class='gallery-item'>\n\t\t\t<dt class='gallery-icon landscape'>\n\t\t\t\t<a href='https:\/\/opticaluro.com.ar\/blog\/wp-content\/uploads\/2021\/06\/mormaii-carmel.jpg'><img width=\"750\" height=\"322\" src=\"https:\/\/opticaluro.com.ar\/blog\/wp-content\/uploads\/2021\/06\/mormaii-carmel.jpg\" class=\"attachment-full size-full\" alt=\"mormaii- carmel\" loading=\"lazy\" aria-describedby=\"gallery-1-4040\" srcset=\"https:\/\/opticaluro.com.ar\/blog\/wp-content\/uploads\/2021\/06\/mormaii-carmel.jpg 750w, https:\/\/opticaluro.com.ar\/blog\/wp-content\/uploads\/2021\/06\/mormaii-carmel-300x129.jpg 300w\" sizes=\"(max-width: 750px) 100vw, 750px\" \/><\/a>\n\t\t\t<\/dt>\n\t\t\t\t<dd class='wp-caption-text gallery-caption' id='gallery-1-4040'>\n\t\t\t\tMormaii- Carmel\n\t\t\t\t<\/dd><\/dl><dl class='gallery-item'>\n\t\t\t<dt class='gallery-icon landscape'>\n\t\t\t\t<a href='https:\/\/opticaluro.com.ar\/blog\/wp-content\/uploads\/2021\/06\/mormaii-Joaca-3.jpg'><img width=\"750\" height=\"322\" src=\"https:\/\/opticaluro.com.ar\/blog\/wp-content\/uploads\/2021\/06\/mormaii-Joaca-3.jpg\" class=\"attachment-full size-full\" alt=\"mormaii- Joaca-3\" loading=\"lazy\" aria-describedby=\"gallery-1-4041\" srcset=\"https:\/\/opticaluro.com.ar\/blog\/wp-content\/uploads\/2021\/06\/mormaii-Joaca-3.jpg 750w, https:\/\/opticaluro.com.ar\/blog\/wp-content\/uploads\/2021\/06\/mormaii-Joaca-3-300x129.jpg 300w\" sizes=\"(max-width: 750px) 100vw, 750px\" \/><\/a>\n\t\t\t<\/dt>\n\t\t\t\t<dd class='wp-caption-text gallery-caption' id='gallery-1-4041'>\n\t\t\t\tMormaii- Joaca-3\n\t\t\t\t<\/dd><\/dl><br style=\"clear: both\" \/>\n\t\t<\/div>\n\n<h2 class=\"titant\"><span style=\"color: #333333;\"><strong>ANTEOJOS RECETADOS<\/strong><\/span><\/h2>\n<div id='gallery-2' class='gallery galleryid-4037 gallery-columns-2 gallery-size-full'><dl class='gallery-item'>\n\t\t\t<dt class='gallery-icon landscape'>\n\t\t\t\t<a href='https:\/\/opticaluro.com.ar\/blog\/wp-content\/uploads\/2021\/06\/mormaii-denver.jpg'><img width=\"750\" height=\"322\" src=\"https:\/\/opticaluro.com.ar\/blog\/wp-content\/uploads\/2021\/06\/mormaii-denver.jpg\" class=\"attachment-full size-full\" alt=\"mormaii -denver\" loading=\"lazy\" aria-describedby=\"gallery-2-4042\" srcset=\"https:\/\/opticaluro.com.ar\/blog\/wp-content\/uploads\/2021\/06\/mormaii-denver.jpg 750w, https:\/\/opticaluro.com.ar\/blog\/wp-content\/uploads\/2021\/06\/mormaii-denver-300x129.jpg 300w\" sizes=\"(max-width: 750px) 100vw, 750px\" \/><\/a>\n\t\t\t<\/dt>\n\t\t\t\t<dd class='wp-caption-text gallery-caption' id='gallery-2-4042'>\n\t\t\t\tMormaii- Denver\n\t\t\t\t<\/dd><\/dl><dl class='gallery-item'>\n\t\t\t<dt class='gallery-icon landscape'>\n\t\t\t\t<a href='https:\/\/opticaluro.com.ar\/blog\/wp-content\/uploads\/2021\/06\/mormaii-lenas.jpg'><img width=\"750\" height=\"322\" src=\"https:\/\/opticaluro.com.ar\/blog\/wp-content\/uploads\/2021\/06\/mormaii-lenas.jpg\" class=\"attachment-full size-full\" alt=\"mormaii- le\u00f1as\" loading=\"lazy\" aria-describedby=\"gallery-2-4043\" srcset=\"https:\/\/opticaluro.com.ar\/blog\/wp-content\/uploads\/2021\/06\/mormaii-lenas.jpg 750w, https:\/\/opticaluro.com.ar\/blog\/wp-content\/uploads\/2021\/06\/mormaii-lenas-300x129.jpg 300w\" sizes=\"(max-width: 750px) 100vw, 750px\" \/><\/a>\n\t\t\t<\/dt>\n\t\t\t\t<dd class='wp-caption-text gallery-caption' id='gallery-2-4043'>\n\t\t\t\tMormaii- Le\u00f1as\n\t\t\t\t<\/dd><\/dl><br style=\"clear: both\" \/><dl class='gallery-item'>\n\t\t\t<dt class='gallery-icon landscape'>\n\t\t\t\t<a href='https:\/\/opticaluro.com.ar\/blog\/wp-content\/uploads\/2021\/06\/mormaii-morea.jpg'><img width=\"750\" height=\"322\" src=\"https:\/\/opticaluro.com.ar\/blog\/wp-content\/uploads\/2021\/06\/mormaii-morea.jpg\" class=\"attachment-full size-full\" alt=\"mormaii- morea\" loading=\"lazy\" aria-describedby=\"gallery-2-4044\" srcset=\"https:\/\/opticaluro.com.ar\/blog\/wp-content\/uploads\/2021\/06\/mormaii-morea.jpg 750w, https:\/\/opticaluro.com.ar\/blog\/wp-content\/uploads\/2021\/06\/mormaii-morea-300x129.jpg 300w\" sizes=\"(max-width: 750px) 100vw, 750px\" \/><\/a>\n\t\t\t<\/dt>\n\t\t\t\t<dd class='wp-caption-text gallery-caption' id='gallery-2-4044'>\n\t\t\t\tMormaii- Morea\n\t\t\t\t<\/dd><\/dl><dl class='gallery-item'>\n\t\t\t<dt class='gallery-icon landscape'>\n\t\t\t\t<a href='https:\/\/opticaluro.com.ar\/blog\/wp-content\/uploads\/2021\/07\/mormaii-wind.jpg'><img width=\"750\" height=\"322\" src=\"https:\/\/opticaluro.com.ar\/blog\/wp-content\/uploads\/2021\/07\/mormaii-wind.jpg\" class=\"attachment-full size-full\" alt=\"mormaii-wind\" loading=\"lazy\" aria-describedby=\"gallery-2-4193\" srcset=\"https:\/\/opticaluro.com.ar\/blog\/wp-content\/uploads\/2021\/07\/mormaii-wind.jpg 750w, https:\/\/opticaluro.com.ar\/blog\/wp-content\/uploads\/2021\/07\/mormaii-wind-300x129.jpg 300w\" sizes=\"(max-width: 750px) 100vw, 750px\" \/><\/a>\n\t\t\t<\/dt>\n\t\t\t\t<dd class='wp-caption-text gallery-caption' id='gallery-2-4193'>\n\t\t\t\tMormaii- Wind\n\t\t\t\t<\/dd><\/dl><br style=\"clear: both\" \/><dl class='gallery-item'>\n\t\t\t<dt class='gallery-icon landscape'>\n\t\t\t\t<a href='https:\/\/opticaluro.com.ar\/blog\/wp-content\/uploads\/2021\/07\/mormaii-fiji.jpg'><img width=\"750\" height=\"322\" src=\"https:\/\/opticaluro.com.ar\/blog\/wp-content\/uploads\/2021\/07\/mormaii-fiji.jpg\" class=\"attachment-full size-full\" alt=\"mormaii-fiji\" loading=\"lazy\" aria-describedby=\"gallery-2-4192\" srcset=\"https:\/\/opticaluro.com.ar\/blog\/wp-content\/uploads\/2021\/07\/mormaii-fiji.jpg 750w, https:\/\/opticaluro.com.ar\/blog\/wp-content\/uploads\/2021\/07\/mormaii-fiji-300x129.jpg 300w\" sizes=\"(max-width: 750px) 100vw, 750px\" \/><\/a>\n\t\t\t<\/dt>\n\t\t\t\t<dd class='wp-caption-text gallery-caption' id='gallery-2-4192'>\n\t\t\t\tMormaii- Fiji\n\t\t\t\t<\/dd><\/dl><dl class='gallery-item'>\n\t\t\t<dt class='gallery-icon landscape'>\n\t\t\t\t<a href='https:\/\/opticaluro.com.ar\/blog\/wp-content\/uploads\/2021\/07\/mormaii-nava.jpg'><img width=\"750\" height=\"322\" src=\"https:\/\/opticaluro.com.ar\/blog\/wp-content\/uploads\/2021\/07\/mormaii-nava.jpg\" class=\"attachment-full size-full\" alt=\"mormaii-nava\" loading=\"lazy\" aria-describedby=\"gallery-2-4194\" srcset=\"https:\/\/opticaluro.com.ar\/blog\/wp-content\/uploads\/2021\/07\/mormaii-nava.jpg 750w, https:\/\/opticaluro.com.ar\/blog\/wp-content\/uploads\/2021\/07\/mormaii-nava-300x129.jpg 300w\" sizes=\"(max-width: 750px) 100vw, 750px\" \/><\/a>\n\t\t\t<\/dt>\n\t\t\t\t<dd class='wp-caption-text gallery-caption' id='gallery-2-4194'>\n\t\t\t\tMormaii-Nava\n\t\t\t\t<\/dd><\/dl><br style=\"clear: both\" \/><dl class='gallery-item'>\n\t\t\t<dt class='gallery-icon landscape'>\n\t\t\t\t<a href='https:\/\/opticaluro.com.ar\/blog\/wp-content\/uploads\/2021\/07\/mormaii-argel.jpg'><img width=\"750\" height=\"322\" src=\"https:\/\/opticaluro.com.ar\/blog\/wp-content\/uploads\/2021\/07\/mormaii-argel.jpg\" class=\"attachment-full size-full\" alt=\"mormaii-argel\" loading=\"lazy\" aria-describedby=\"gallery-2-4195\" srcset=\"https:\/\/opticaluro.com.ar\/blog\/wp-content\/uploads\/2021\/07\/mormaii-argel.jpg 750w, https:\/\/opticaluro.com.ar\/blog\/wp-content\/uploads\/2021\/07\/mormaii-argel-300x129.jpg 300w\" sizes=\"(max-width: 750px) 100vw, 750px\" \/><\/a>\n\t\t\t<\/dt>\n\t\t\t\t<dd class='wp-caption-text gallery-caption' id='gallery-2-4195'>\n\t\t\t\tmormaii-Argel\n\t\t\t\t<\/dd><\/dl>\n\t\t\t<br style='clear: both' \/>\n\t\t<\/div>\n\n<p><a href=\"https:\/\/opticaluro.com.ar\/blog\/marcas-anteojos\/\"><img loading=\"lazy\" class=\"size-full wp-image-3621 alignleft\" src=\"https:\/\/opticaluro.com.ar\/blog\/wp-content\/uploads\/2021\/06\/ver-otras-marcas2.jpg\" alt=\"\" width=\"166\" height=\"45\" \/><\/a><a href=\"https:\/\/opticaluro.com.ar\/contacto.html\" target=\"_blank\" rel=\"noopener\"><img loading=\"lazy\" class=\"alignright size-full wp-image-3620\" src=\"https:\/\/opticaluro.com.ar\/blog\/wp-content\/uploads\/2021\/06\/contacto2.jpg\" alt=\"\" width=\"423\" height=\"45\" srcset=\"https:\/\/opticaluro.com.ar\/blog\/wp-content\/uploads\/2021\/06\/contacto2.jpg 423w, https:\/\/opticaluro.com.ar\/blog\/wp-content\/uploads\/2021\/06\/contacto2-300x32.jpg 300w\" sizes=\"(max-width: 423px) 100vw, 423px\" \/><\/a><\/p>\n<\/div>\n<p>&nbsp;<\/p>\n","protected":false},"excerpt":{"rendered":"<p>Mormaii Es una marca l\u00edder de anteojos de sol y receta de origen brasile\u00f1o, que desarrolla modelos ideales para practicar surf, deportes acu\u00e1ticos y disciplinas extremas. Un estilo joven para los amantes de las actividades al aire libre. &nbsp; ANTEOJOS &hellip; <a href=\"https:\/\/opticaluro.com.ar\/blog\/mormaii\/\">Sigue leyendo <span class=\"meta-nav\">&rarr;<\/span><\/a><\/p>\n","protected":false},"author":1,"featured_media":0,"parent":0,"menu_order":0,"comment_status":"closed","ping_status":"closed","template":"onecolumn-page.php","meta":[],"_links":{"self":[{"href":"https:\/\/opticaluro.com.ar\/blog\/wp-json\/wp\/v2\/pages\/4037"}],"collection":[{"href":"https:\/\/opticaluro.com.ar\/blog\/wp-json\/wp\/v2\/pages"}],"about":[{"href":"https:\/\/opticaluro.com.ar\/blog\/wp-json\/wp\/v2\/types\/page"}],"author":[{"embeddable":true,"href":"https:\/\/opticaluro.com.ar\/blog\/wp-json\/wp\/v2\/users\/1"}],"replies":[{"embeddable":true,"href":"https:\/\/opticaluro.com.ar\/blog\/wp-json\/wp\/v2\/comments?post=4037"}],"version-history":[{"count":6,"href":"https:\/\/opticaluro.com.ar\/blog\/wp-json\/wp\/v2\/pages\/4037\/revisions"}],"predecessor-version":[{"id":4303,"href":"https:\/\/opticaluro.com.ar\/blog\/wp-json\/wp\/v2\/pages\/4037\/revisions\/4303"}],"wp:attachment":[{"href":"https:\/\/opticaluro.com.ar\/blog\/wp-json\/wp\/v2\/media?parent=4037"}],"curies":[{"name":"wp","href":"https:\/\/api.w.org\/{rel}","templated":true}]}}