{"id":4025,"date":"2021-06-29T14:58:05","date_gmt":"2021-06-29T17:58:05","guid":{"rendered":"https:\/\/opticaluro.com.ar\/blog\/?page_id=4025"},"modified":"2021-06-29T15:13:11","modified_gmt":"2021-06-29T18:13:11","slug":"adriana-costantini","status":"publish","type":"page","link":"https:\/\/opticaluro.com.ar\/blog\/adriana-costantini\/","title":{"rendered":"Adriana Costantini"},"content":{"rendered":"<p><img loading=\"lazy\" class=\"alignleft wp-image-3704\" src=\"https:\/\/opticaluro.com.ar\/blog\/wp-content\/uploads\/2021\/06\/adriana-costantini.png\" alt=\"Adriana Costantini\" width=\"104\" height=\"62\" \/><strong>Adriana Costantini<\/strong> presenta una colecci\u00f3n de anteojos de estilo urbano pensada para una mujer que se identifica con un look casual. La realizaci\u00f3n en acetato italiano, el trabajo en las patillas, los contraste entre brillo y mate y los delicados apliques met\u00e1licos destacan esta l\u00ednea por su elegancia y calidad.<\/p>\n<p>&nbsp;<\/p>\n<div class=\"col-md-4\">\n<h2 class=\"titant\"><span style=\"color: #333333;\"><strong>ANTEOJOS DE SOL<\/strong><\/span><\/h2>\n<div id='gallery-1' class='gallery galleryid-4025 gallery-columns-2 gallery-size-full'><dl class='gallery-item'>\n\t\t\t<dt class='gallery-icon landscape'>\n\t\t\t\t<a href='https:\/\/opticaluro.com.ar\/blog\/wp-content\/uploads\/2021\/06\/adriana-costantini-divine.jpg'><img width=\"750\" height=\"322\" src=\"https:\/\/opticaluro.com.ar\/blog\/wp-content\/uploads\/2021\/06\/adriana-costantini-divine.jpg\" class=\"attachment-full size-full\" alt=\"adriana-costantini- divine\" loading=\"lazy\" aria-describedby=\"gallery-1-4030\" srcset=\"https:\/\/opticaluro.com.ar\/blog\/wp-content\/uploads\/2021\/06\/adriana-costantini-divine.jpg 750w, https:\/\/opticaluro.com.ar\/blog\/wp-content\/uploads\/2021\/06\/adriana-costantini-divine-300x129.jpg 300w\" sizes=\"(max-width: 750px) 100vw, 750px\" \/><\/a>\n\t\t\t<\/dt>\n\t\t\t\t<dd class='wp-caption-text gallery-caption' id='gallery-1-4030'>\n\t\t\t\tAdriana Costantini-Divine\n\t\t\t\t<\/dd><\/dl><dl class='gallery-item'>\n\t\t\t<dt class='gallery-icon landscape'>\n\t\t\t\t<a href='https:\/\/opticaluro.com.ar\/blog\/wp-content\/uploads\/2021\/06\/adriana-costantini-elba.jpg'><img width=\"750\" height=\"322\" src=\"https:\/\/opticaluro.com.ar\/blog\/wp-content\/uploads\/2021\/06\/adriana-costantini-elba.jpg\" class=\"attachment-full size-full\" alt=\"adriana-costantini- elba\" loading=\"lazy\" aria-describedby=\"gallery-1-4031\" srcset=\"https:\/\/opticaluro.com.ar\/blog\/wp-content\/uploads\/2021\/06\/adriana-costantini-elba.jpg 750w, https:\/\/opticaluro.com.ar\/blog\/wp-content\/uploads\/2021\/06\/adriana-costantini-elba-300x129.jpg 300w\" sizes=\"(max-width: 750px) 100vw, 750px\" \/><\/a>\n\t\t\t<\/dt>\n\t\t\t\t<dd class='wp-caption-text gallery-caption' id='gallery-1-4031'>\n\t\t\t\tAdriana Costantini-Elba\n\t\t\t\t<\/dd><\/dl><br style=\"clear: both\" \/>\n\t\t<\/div>\n\n<h2 class=\"titant\"><span style=\"color: #333333;\"><strong>ANTEOJOS RECETADOS<\/strong><\/span><\/h2>\n<div id='gallery-2' class='gallery galleryid-4025 gallery-columns-2 gallery-size-full'><dl class='gallery-item'>\n\t\t\t<dt class='gallery-icon landscape'>\n\t\t\t\t<a href='https:\/\/opticaluro.com.ar\/blog\/wp-content\/uploads\/2021\/06\/adriana-costantini-angelina.jpg'><img width=\"750\" height=\"322\" src=\"https:\/\/opticaluro.com.ar\/blog\/wp-content\/uploads\/2021\/06\/adriana-costantini-angelina.jpg\" class=\"attachment-full size-full\" alt=\"adriana-costantini-angelina\" loading=\"lazy\" aria-describedby=\"gallery-2-4032\" srcset=\"https:\/\/opticaluro.com.ar\/blog\/wp-content\/uploads\/2021\/06\/adriana-costantini-angelina.jpg 750w, https:\/\/opticaluro.com.ar\/blog\/wp-content\/uploads\/2021\/06\/adriana-costantini-angelina-300x129.jpg 300w\" sizes=\"(max-width: 750px) 100vw, 750px\" \/><\/a>\n\t\t\t<\/dt>\n\t\t\t\t<dd class='wp-caption-text gallery-caption' id='gallery-2-4032'>\n\t\t\t\tAdriana Costantini-Angelina\n\t\t\t\t<\/dd><\/dl><dl class='gallery-item'>\n\t\t\t<dt class='gallery-icon landscape'>\n\t\t\t\t<a href='https:\/\/opticaluro.com.ar\/blog\/wp-content\/uploads\/2021\/06\/adriana-costantini-glenn.jpg'><img width=\"750\" height=\"322\" src=\"https:\/\/opticaluro.com.ar\/blog\/wp-content\/uploads\/2021\/06\/adriana-costantini-glenn.jpg\" class=\"attachment-full size-full\" alt=\"adriana-costantini- glenn\" loading=\"lazy\" aria-describedby=\"gallery-2-4033\" srcset=\"https:\/\/opticaluro.com.ar\/blog\/wp-content\/uploads\/2021\/06\/adriana-costantini-glenn.jpg 750w, https:\/\/opticaluro.com.ar\/blog\/wp-content\/uploads\/2021\/06\/adriana-costantini-glenn-300x129.jpg 300w\" sizes=\"(max-width: 750px) 100vw, 750px\" \/><\/a>\n\t\t\t<\/dt>\n\t\t\t\t<dd class='wp-caption-text gallery-caption' id='gallery-2-4033'>\n\t\t\t\tAdriana Costantini- Glenn\n\t\t\t\t<\/dd><\/dl><br style=\"clear: both\" \/><dl class='gallery-item'>\n\t\t\t<dt class='gallery-icon landscape'>\n\t\t\t\t<a href='https:\/\/opticaluro.com.ar\/blog\/wp-content\/uploads\/2021\/06\/adriana-costantini-york.jpg'><img width=\"750\" height=\"322\" src=\"https:\/\/opticaluro.com.ar\/blog\/wp-content\/uploads\/2021\/06\/adriana-costantini-york.jpg\" class=\"attachment-full size-full\" alt=\"adriana-costantini- york\" loading=\"lazy\" aria-describedby=\"gallery-2-4034\" srcset=\"https:\/\/opticaluro.com.ar\/blog\/wp-content\/uploads\/2021\/06\/adriana-costantini-york.jpg 750w, https:\/\/opticaluro.com.ar\/blog\/wp-content\/uploads\/2021\/06\/adriana-costantini-york-300x129.jpg 300w\" sizes=\"(max-width: 750px) 100vw, 750px\" \/><\/a>\n\t\t\t<\/dt>\n\t\t\t\t<dd class='wp-caption-text gallery-caption' id='gallery-2-4034'>\n\t\t\t\tAdriana Costantini- York\n\t\t\t\t<\/dd><\/dl>\n\t\t\t<br style='clear: both' \/>\n\t\t<\/div>\n\n<p><a href=\"https:\/\/opticaluro.com.ar\/blog\/marcas-anteojos\/\"><img loading=\"lazy\" class=\"size-full wp-image-3621 alignleft\" src=\"https:\/\/opticaluro.com.ar\/blog\/wp-content\/uploads\/2021\/06\/ver-otras-marcas2.jpg\" alt=\"\" width=\"166\" height=\"45\" \/><\/a><a href=\"https:\/\/opticaluro.com.ar\/contacto.html\" target=\"_blank\" rel=\"noopener\"><img loading=\"lazy\" class=\"alignright size-full wp-image-3620\" src=\"https:\/\/opticaluro.com.ar\/blog\/wp-content\/uploads\/2021\/06\/contacto2.jpg\" alt=\"\" width=\"423\" height=\"45\" srcset=\"https:\/\/opticaluro.com.ar\/blog\/wp-content\/uploads\/2021\/06\/contacto2.jpg 423w, https:\/\/opticaluro.com.ar\/blog\/wp-content\/uploads\/2021\/06\/contacto2-300x32.jpg 300w\" sizes=\"(max-width: 423px) 100vw, 423px\" \/><\/a><\/p>\n<\/div>\n<p>&nbsp;<\/p>\n","protected":false},"excerpt":{"rendered":"<p>Adriana Costantini presenta una colecci\u00f3n de anteojos de estilo urbano pensada para una mujer que se identifica con un look casual. La realizaci\u00f3n en acetato italiano, el trabajo en las patillas, los contraste entre brillo y mate y los delicados &hellip; <a href=\"https:\/\/opticaluro.com.ar\/blog\/adriana-costantini\/\">Sigue leyendo <span class=\"meta-nav\">&rarr;<\/span><\/a><\/p>\n","protected":false},"author":1,"featured_media":0,"parent":0,"menu_order":0,"comment_status":"closed","ping_status":"closed","template":"onecolumn-page.php","meta":[],"_links":{"self":[{"href":"https:\/\/opticaluro.com.ar\/blog\/wp-json\/wp\/v2\/pages\/4025"}],"collection":[{"href":"https:\/\/opticaluro.com.ar\/blog\/wp-json\/wp\/v2\/pages"}],"about":[{"href":"https:\/\/opticaluro.com.ar\/blog\/wp-json\/wp\/v2\/types\/page"}],"author":[{"embeddable":true,"href":"https:\/\/opticaluro.com.ar\/blog\/wp-json\/wp\/v2\/users\/1"}],"replies":[{"embeddable":true,"href":"https:\/\/opticaluro.com.ar\/blog\/wp-json\/wp\/v2\/comments?post=4025"}],"version-history":[{"count":4,"href":"https:\/\/opticaluro.com.ar\/blog\/wp-json\/wp\/v2\/pages\/4025\/revisions"}],"predecessor-version":[{"id":4036,"href":"https:\/\/opticaluro.com.ar\/blog\/wp-json\/wp\/v2\/pages\/4025\/revisions\/4036"}],"wp:attachment":[{"href":"https:\/\/opticaluro.com.ar\/blog\/wp-json\/wp\/v2\/media?parent=4025"}],"curies":[{"name":"wp","href":"https:\/\/api.w.org\/{rel}","templated":true}]}}