{"id":3899,"date":"2021-06-24T16:16:15","date_gmt":"2021-06-24T19:16:15","guid":{"rendered":"https:\/\/opticaluro.com.ar\/blog\/?page_id=3899"},"modified":"2023-04-26T14:19:17","modified_gmt":"2023-04-26T17:19:17","slug":"ray-ban","status":"publish","type":"page","link":"https:\/\/opticaluro.com.ar\/blog\/ray-ban\/","title":{"rendered":"Ray-Ban"},"content":{"rendered":"<p><img loading=\"lazy\" class=\"alignleft wp-image-3704\" src=\"https:\/\/opticaluro.com.ar\/blog\/wp-content\/uploads\/2021\/06\/ray-ban.png\" alt=\"Reef\" width=\"104\" height=\"62\" \/><strong>Ray-Ban:<\/strong>\u00a0es la marca m\u00e1s ic\u00f3nica del mundo de los anteojos con grandes cl\u00e1sicos que siempre est\u00e1n vigentes +innovaci\u00f3n y lanzamientos.<\/p>\n<p>&nbsp;<\/p>\n<div class=\"col-md-4\">\n<h2 class=\"titant\"><span style=\"color: #333333;\"><strong>ANTEOJOS DE SOL<\/strong><\/span><\/h2>\n<div id='gallery-1' class='gallery galleryid-3899 gallery-columns-2 gallery-size-full'><dl class='gallery-item'>\n\t\t\t<dt class='gallery-icon landscape'>\n\t\t\t\t<a href='https:\/\/opticaluro.com.ar\/blog\/wp-content\/uploads\/2023\/04\/RB0707S-664051.jpg'><img width=\"750\" height=\"322\" src=\"https:\/\/opticaluro.com.ar\/blog\/wp-content\/uploads\/2023\/04\/RB0707S-664051.jpg\" class=\"attachment-full size-full\" alt=\"\" loading=\"lazy\" aria-describedby=\"gallery-1-4547\" srcset=\"https:\/\/opticaluro.com.ar\/blog\/wp-content\/uploads\/2023\/04\/RB0707S-664051.jpg 750w, https:\/\/opticaluro.com.ar\/blog\/wp-content\/uploads\/2023\/04\/RB0707S-664051-300x129.jpg 300w\" sizes=\"(max-width: 750px) 100vw, 750px\" \/><\/a>\n\t\t\t<\/dt>\n\t\t\t\t<dd class='wp-caption-text gallery-caption' id='gallery-1-4547'>\n\t\t\t\tRB0707S 664051\n\t\t\t\t<\/dd><\/dl><dl class='gallery-item'>\n\t\t\t<dt class='gallery-icon landscape'>\n\t\t\t\t<a href='https:\/\/opticaluro.com.ar\/blog\/wp-content\/uploads\/2023\/04\/RB1971-001-64.jpg'><img width=\"750\" height=\"322\" src=\"https:\/\/opticaluro.com.ar\/blog\/wp-content\/uploads\/2023\/04\/RB1971-001-64.jpg\" class=\"attachment-full size-full\" alt=\"\" loading=\"lazy\" aria-describedby=\"gallery-1-4548\" srcset=\"https:\/\/opticaluro.com.ar\/blog\/wp-content\/uploads\/2023\/04\/RB1971-001-64.jpg 750w, https:\/\/opticaluro.com.ar\/blog\/wp-content\/uploads\/2023\/04\/RB1971-001-64-300x129.jpg 300w\" sizes=\"(max-width: 750px) 100vw, 750px\" \/><\/a>\n\t\t\t<\/dt>\n\t\t\t\t<dd class='wp-caption-text gallery-caption' id='gallery-1-4548'>\n\t\t\t\tRB1971 001 64\n\t\t\t\t<\/dd><\/dl><br style=\"clear: both\" \/><dl class='gallery-item'>\n\t\t\t<dt class='gallery-icon landscape'>\n\t\t\t\t<a href='https:\/\/opticaluro.com.ar\/blog\/wp-content\/uploads\/2023\/04\/RB3428-923931.jpg'><img width=\"750\" height=\"322\" src=\"https:\/\/opticaluro.com.ar\/blog\/wp-content\/uploads\/2023\/04\/RB3428-923931.jpg\" class=\"attachment-full size-full\" alt=\"\" loading=\"lazy\" aria-describedby=\"gallery-1-4549\" srcset=\"https:\/\/opticaluro.com.ar\/blog\/wp-content\/uploads\/2023\/04\/RB3428-923931.jpg 750w, https:\/\/opticaluro.com.ar\/blog\/wp-content\/uploads\/2023\/04\/RB3428-923931-300x129.jpg 300w\" sizes=\"(max-width: 750px) 100vw, 750px\" \/><\/a>\n\t\t\t<\/dt>\n\t\t\t\t<dd class='wp-caption-text gallery-caption' id='gallery-1-4549'>\n\t\t\t\tRB3428 923931\n\t\t\t\t<\/dd><\/dl><dl class='gallery-item'>\n\t\t\t<dt class='gallery-icon landscape'>\n\t\t\t\t<a href='https:\/\/opticaluro.com.ar\/blog\/wp-content\/uploads\/2023\/04\/RB3637-919663.png'><img width=\"750\" height=\"322\" src=\"https:\/\/opticaluro.com.ar\/blog\/wp-content\/uploads\/2023\/04\/RB3637-919663.png\" class=\"attachment-full size-full\" alt=\"\" loading=\"lazy\" aria-describedby=\"gallery-1-4550\" srcset=\"https:\/\/opticaluro.com.ar\/blog\/wp-content\/uploads\/2023\/04\/RB3637-919663.png 750w, https:\/\/opticaluro.com.ar\/blog\/wp-content\/uploads\/2023\/04\/RB3637-919663-300x129.png 300w\" sizes=\"(max-width: 750px) 100vw, 750px\" \/><\/a>\n\t\t\t<\/dt>\n\t\t\t\t<dd class='wp-caption-text gallery-caption' id='gallery-1-4550'>\n\t\t\t\tRB3637 919663\n\t\t\t\t<\/dd><\/dl><br style=\"clear: both\" \/><dl class='gallery-item'>\n\t\t\t<dt class='gallery-icon landscape'>\n\t\t\t\t<a href='https:\/\/opticaluro.com.ar\/blog\/wp-content\/uploads\/2023\/04\/RB4471-663219.png'><img width=\"750\" height=\"322\" src=\"https:\/\/opticaluro.com.ar\/blog\/wp-content\/uploads\/2023\/04\/RB4471-663219.png\" class=\"attachment-full size-full\" alt=\"\" loading=\"lazy\" aria-describedby=\"gallery-1-4552\" srcset=\"https:\/\/opticaluro.com.ar\/blog\/wp-content\/uploads\/2023\/04\/RB4471-663219.png 750w, https:\/\/opticaluro.com.ar\/blog\/wp-content\/uploads\/2023\/04\/RB4471-663219-300x129.png 300w\" sizes=\"(max-width: 750px) 100vw, 750px\" \/><\/a>\n\t\t\t<\/dt>\n\t\t\t\t<dd class='wp-caption-text gallery-caption' id='gallery-1-4552'>\n\t\t\t\tRB4471 663219\n\t\t\t\t<\/dd><\/dl><dl class='gallery-item'>\n\t\t\t<dt class='gallery-icon landscape'>\n\t\t\t\t<a href='https:\/\/opticaluro.com.ar\/blog\/wp-content\/uploads\/2022\/08\/2140.png'><img width=\"750\" height=\"322\" src=\"https:\/\/opticaluro.com.ar\/blog\/wp-content\/uploads\/2022\/08\/2140.png\" class=\"attachment-full size-full\" alt=\"\" loading=\"lazy\" aria-describedby=\"gallery-1-4446\" srcset=\"https:\/\/opticaluro.com.ar\/blog\/wp-content\/uploads\/2022\/08\/2140.png 750w, https:\/\/opticaluro.com.ar\/blog\/wp-content\/uploads\/2022\/08\/2140-300x129.png 300w\" sizes=\"(max-width: 750px) 100vw, 750px\" \/><\/a>\n\t\t\t<\/dt>\n\t\t\t\t<dd class='wp-caption-text gallery-caption' id='gallery-1-4446'>\n\t\t\t\tRay-Ban-2140\n\t\t\t\t<\/dd><\/dl><br style=\"clear: both\" \/><dl class='gallery-item'>\n\t\t\t<dt class='gallery-icon landscape'>\n\t\t\t\t<a href='https:\/\/opticaluro.com.ar\/blog\/wp-content\/uploads\/2022\/08\/3025.png'><img width=\"750\" height=\"322\" src=\"https:\/\/opticaluro.com.ar\/blog\/wp-content\/uploads\/2022\/08\/3025.png\" class=\"attachment-full size-full\" alt=\"\" loading=\"lazy\" aria-describedby=\"gallery-1-4447\" srcset=\"https:\/\/opticaluro.com.ar\/blog\/wp-content\/uploads\/2022\/08\/3025.png 750w, https:\/\/opticaluro.com.ar\/blog\/wp-content\/uploads\/2022\/08\/3025-300x129.png 300w\" sizes=\"(max-width: 750px) 100vw, 750px\" \/><\/a>\n\t\t\t<\/dt>\n\t\t\t\t<dd class='wp-caption-text gallery-caption' id='gallery-1-4447'>\n\t\t\t\tRay-Ban-3025\n\t\t\t\t<\/dd><\/dl><dl class='gallery-item'>\n\t\t\t<dt class='gallery-icon landscape'>\n\t\t\t\t<a href='https:\/\/opticaluro.com.ar\/blog\/wp-content\/uploads\/2022\/08\/3548.png'><img width=\"750\" height=\"322\" src=\"https:\/\/opticaluro.com.ar\/blog\/wp-content\/uploads\/2022\/08\/3548.png\" class=\"attachment-full size-full\" alt=\"\" loading=\"lazy\" aria-describedby=\"gallery-1-4448\" srcset=\"https:\/\/opticaluro.com.ar\/blog\/wp-content\/uploads\/2022\/08\/3548.png 750w, https:\/\/opticaluro.com.ar\/blog\/wp-content\/uploads\/2022\/08\/3548-300x129.png 300w\" sizes=\"(max-width: 750px) 100vw, 750px\" \/><\/a>\n\t\t\t<\/dt>\n\t\t\t\t<dd class='wp-caption-text gallery-caption' id='gallery-1-4448'>\n\t\t\t\tRay-Ban-3548\n\t\t\t\t<\/dd><\/dl><br style=\"clear: both\" \/><dl class='gallery-item'>\n\t\t\t<dt class='gallery-icon landscape'>\n\t\t\t\t<a href='https:\/\/opticaluro.com.ar\/blog\/wp-content\/uploads\/2022\/08\/3687.png'><img width=\"750\" height=\"322\" src=\"https:\/\/opticaluro.com.ar\/blog\/wp-content\/uploads\/2022\/08\/3687.png\" class=\"attachment-full size-full\" alt=\"\" loading=\"lazy\" aria-describedby=\"gallery-1-4449\" srcset=\"https:\/\/opticaluro.com.ar\/blog\/wp-content\/uploads\/2022\/08\/3687.png 750w, https:\/\/opticaluro.com.ar\/blog\/wp-content\/uploads\/2022\/08\/3687-300x129.png 300w\" sizes=\"(max-width: 750px) 100vw, 750px\" \/><\/a>\n\t\t\t<\/dt>\n\t\t\t\t<dd class='wp-caption-text gallery-caption' id='gallery-1-4449'>\n\t\t\t\tRay-Ban-3687\n\t\t\t\t<\/dd><\/dl><dl class='gallery-item'>\n\t\t\t<dt class='gallery-icon landscape'>\n\t\t\t\t<a href='https:\/\/opticaluro.com.ar\/blog\/wp-content\/uploads\/2021\/06\/ray-ban-3016.jpg'><img width=\"750\" height=\"322\" src=\"https:\/\/opticaluro.com.ar\/blog\/wp-content\/uploads\/2021\/06\/ray-ban-3016.jpg\" class=\"attachment-full size-full\" alt=\"ray-ban- 3016-\" loading=\"lazy\" aria-describedby=\"gallery-1-3902\" srcset=\"https:\/\/opticaluro.com.ar\/blog\/wp-content\/uploads\/2021\/06\/ray-ban-3016.jpg 750w, https:\/\/opticaluro.com.ar\/blog\/wp-content\/uploads\/2021\/06\/ray-ban-3016-300x129.jpg 300w\" sizes=\"(max-width: 750px) 100vw, 750px\" \/><\/a>\n\t\t\t<\/dt>\n\t\t\t\t<dd class='wp-caption-text gallery-caption' id='gallery-1-3902'>\n\t\t\t\tRay-ban-3016\n\t\t\t\t<\/dd><\/dl><br style=\"clear: both\" \/>\n\t\t<\/div>\n\n<h2 class=\"titant\"><span style=\"color: #333333;\"><strong>ANTEOJOS RECETADOS<\/strong><\/span><\/h2>\n<div id='gallery-2' class='gallery galleryid-3899 gallery-columns-2 gallery-size-full'><dl class='gallery-item'>\n\t\t\t<dt class='gallery-icon landscape'>\n\t\t\t\t<a href='https:\/\/opticaluro.com.ar\/blog\/wp-content\/uploads\/2021\/06\/ray-ban-1971.jpg'><img width=\"750\" height=\"322\" src=\"https:\/\/opticaluro.com.ar\/blog\/wp-content\/uploads\/2021\/06\/ray-ban-1971.jpg\" class=\"attachment-full size-full\" alt=\"ray-ban- 1971-\" loading=\"lazy\" aria-describedby=\"gallery-2-3907\" srcset=\"https:\/\/opticaluro.com.ar\/blog\/wp-content\/uploads\/2021\/06\/ray-ban-1971.jpg 750w, https:\/\/opticaluro.com.ar\/blog\/wp-content\/uploads\/2021\/06\/ray-ban-1971-300x129.jpg 300w\" sizes=\"(max-width: 750px) 100vw, 750px\" \/><\/a>\n\t\t\t<\/dt>\n\t\t\t\t<dd class='wp-caption-text gallery-caption' id='gallery-2-3907'>\n\t\t\t\tray-ban-1971\n\t\t\t\t<\/dd><\/dl><dl class='gallery-item'>\n\t\t\t<dt class='gallery-icon landscape'>\n\t\t\t\t<a href='https:\/\/opticaluro.com.ar\/blog\/wp-content\/uploads\/2021\/06\/ray-ban-5366.jpg'><img width=\"750\" height=\"322\" src=\"https:\/\/opticaluro.com.ar\/blog\/wp-content\/uploads\/2021\/06\/ray-ban-5366.jpg\" class=\"attachment-full size-full\" alt=\"ray-ban- 5366-\" loading=\"lazy\" aria-describedby=\"gallery-2-3908\" srcset=\"https:\/\/opticaluro.com.ar\/blog\/wp-content\/uploads\/2021\/06\/ray-ban-5366.jpg 750w, https:\/\/opticaluro.com.ar\/blog\/wp-content\/uploads\/2021\/06\/ray-ban-5366-300x129.jpg 300w\" sizes=\"(max-width: 750px) 100vw, 750px\" \/><\/a>\n\t\t\t<\/dt>\n\t\t\t\t<dd class='wp-caption-text gallery-caption' id='gallery-2-3908'>\n\t\t\t\tRay-ban-5366\n\t\t\t\t<\/dd><\/dl><br style=\"clear: both\" \/><dl class='gallery-item'>\n\t\t\t<dt class='gallery-icon landscape'>\n\t\t\t\t<a href='https:\/\/opticaluro.com.ar\/blog\/wp-content\/uploads\/2021\/06\/ray-ban-6450.jpg'><img width=\"750\" height=\"322\" src=\"https:\/\/opticaluro.com.ar\/blog\/wp-content\/uploads\/2021\/06\/ray-ban-6450.jpg\" class=\"attachment-full size-full\" alt=\"ray-ban- 6450-\" loading=\"lazy\" aria-describedby=\"gallery-2-3911\" srcset=\"https:\/\/opticaluro.com.ar\/blog\/wp-content\/uploads\/2021\/06\/ray-ban-6450.jpg 750w, https:\/\/opticaluro.com.ar\/blog\/wp-content\/uploads\/2021\/06\/ray-ban-6450-300x129.jpg 300w\" sizes=\"(max-width: 750px) 100vw, 750px\" \/><\/a>\n\t\t\t<\/dt>\n\t\t\t\t<dd class='wp-caption-text gallery-caption' id='gallery-2-3911'>\n\t\t\t\tRay-ban-6450\n\t\t\t\t<\/dd><\/dl><dl class='gallery-item'>\n\t\t\t<dt class='gallery-icon landscape'>\n\t\t\t\t<a href='https:\/\/opticaluro.com.ar\/blog\/wp-content\/uploads\/2021\/06\/ray-ban-5388.jpg'><img width=\"750\" height=\"322\" src=\"https:\/\/opticaluro.com.ar\/blog\/wp-content\/uploads\/2021\/06\/ray-ban-5388.jpg\" class=\"attachment-full size-full\" alt=\"rayban- 5388\" loading=\"lazy\" aria-describedby=\"gallery-2-3909\" srcset=\"https:\/\/opticaluro.com.ar\/blog\/wp-content\/uploads\/2021\/06\/ray-ban-5388.jpg 750w, https:\/\/opticaluro.com.ar\/blog\/wp-content\/uploads\/2021\/06\/ray-ban-5388-300x129.jpg 300w\" sizes=\"(max-width: 750px) 100vw, 750px\" \/><\/a>\n\t\t\t<\/dt>\n\t\t\t\t<dd class='wp-caption-text gallery-caption' id='gallery-2-3909'>\n\t\t\t\tRay-ban-5388\n\t\t\t\t<\/dd><\/dl><br style=\"clear: both\" \/><dl class='gallery-item'>\n\t\t\t<dt class='gallery-icon landscape'>\n\t\t\t\t<a href='https:\/\/opticaluro.com.ar\/blog\/wp-content\/uploads\/2021\/06\/ray-ban-6355.jpg'><img width=\"750\" height=\"322\" src=\"https:\/\/opticaluro.com.ar\/blog\/wp-content\/uploads\/2021\/06\/ray-ban-6355.jpg\" class=\"attachment-full size-full\" alt=\"rayban -6355-\" loading=\"lazy\" aria-describedby=\"gallery-2-3910\" srcset=\"https:\/\/opticaluro.com.ar\/blog\/wp-content\/uploads\/2021\/06\/ray-ban-6355.jpg 750w, https:\/\/opticaluro.com.ar\/blog\/wp-content\/uploads\/2021\/06\/ray-ban-6355-300x129.jpg 300w\" sizes=\"(max-width: 750px) 100vw, 750px\" \/><\/a>\n\t\t\t<\/dt>\n\t\t\t\t<dd class='wp-caption-text gallery-caption' id='gallery-2-3910'>\n\t\t\t\tRay-ban-6355\n\t\t\t\t<\/dd><\/dl><dl class='gallery-item'>\n\t\t\t<dt class='gallery-icon landscape'>\n\t\t\t\t<a href='https:\/\/opticaluro.com.ar\/blog\/wp-content\/uploads\/2021\/06\/ray-ban-6465.jpg'><img width=\"750\" height=\"322\" src=\"https:\/\/opticaluro.com.ar\/blog\/wp-content\/uploads\/2021\/06\/ray-ban-6465.jpg\" class=\"attachment-full size-full\" alt=\"rayban -6465\" loading=\"lazy\" aria-describedby=\"gallery-2-3912\" srcset=\"https:\/\/opticaluro.com.ar\/blog\/wp-content\/uploads\/2021\/06\/ray-ban-6465.jpg 750w, https:\/\/opticaluro.com.ar\/blog\/wp-content\/uploads\/2021\/06\/ray-ban-6465-300x129.jpg 300w\" sizes=\"(max-width: 750px) 100vw, 750px\" \/><\/a>\n\t\t\t<\/dt>\n\t\t\t\t<dd class='wp-caption-text gallery-caption' id='gallery-2-3912'>\n\t\t\t\tRay-ban-6465\n\t\t\t\t<\/dd><\/dl><br style=\"clear: both\" \/>\n\t\t<\/div>\n\n<p><a href=\"https:\/\/opticaluro.com.ar\/blog\/marcas-anteojos\/\"><img loading=\"lazy\" class=\"size-full wp-image-3621 alignleft\" src=\"https:\/\/opticaluro.com.ar\/blog\/wp-content\/uploads\/2021\/06\/ver-otras-marcas2.jpg\" alt=\"\" width=\"166\" height=\"45\" \/><\/a><a href=\"https:\/\/opticaluro.com.ar\/contacto.html\" target=\"_blank\" rel=\"noopener\"><img loading=\"lazy\" class=\"alignright size-full wp-image-3620\" src=\"https:\/\/opticaluro.com.ar\/blog\/wp-content\/uploads\/2021\/06\/contacto2.jpg\" alt=\"\" width=\"423\" height=\"45\" srcset=\"https:\/\/opticaluro.com.ar\/blog\/wp-content\/uploads\/2021\/06\/contacto2.jpg 423w, https:\/\/opticaluro.com.ar\/blog\/wp-content\/uploads\/2021\/06\/contacto2-300x32.jpg 300w\" sizes=\"(max-width: 423px) 100vw, 423px\" \/><\/a><\/p>\n<\/div>\n<p>&nbsp;<\/p>\n","protected":false},"excerpt":{"rendered":"<p>Ray-Ban:\u00a0es la marca m\u00e1s ic\u00f3nica del mundo de los anteojos con grandes cl\u00e1sicos que siempre est\u00e1n vigentes +innovaci\u00f3n y lanzamientos. &nbsp; ANTEOJOS DE SOL ANTEOJOS RECETADOS &nbsp;<\/p>\n","protected":false},"author":1,"featured_media":0,"parent":0,"menu_order":0,"comment_status":"closed","ping_status":"closed","template":"onecolumn-page.php","meta":[],"_links":{"self":[{"href":"https:\/\/opticaluro.com.ar\/blog\/wp-json\/wp\/v2\/pages\/3899"}],"collection":[{"href":"https:\/\/opticaluro.com.ar\/blog\/wp-json\/wp\/v2\/pages"}],"about":[{"href":"https:\/\/opticaluro.com.ar\/blog\/wp-json\/wp\/v2\/types\/page"}],"author":[{"embeddable":true,"href":"https:\/\/opticaluro.com.ar\/blog\/wp-json\/wp\/v2\/users\/1"}],"replies":[{"embeddable":true,"href":"https:\/\/opticaluro.com.ar\/blog\/wp-json\/wp\/v2\/comments?post=3899"}],"version-history":[{"count":10,"href":"https:\/\/opticaluro.com.ar\/blog\/wp-json\/wp\/v2\/pages\/3899\/revisions"}],"predecessor-version":[{"id":4558,"href":"https:\/\/opticaluro.com.ar\/blog\/wp-json\/wp\/v2\/pages\/3899\/revisions\/4558"}],"wp:attachment":[{"href":"https:\/\/opticaluro.com.ar\/blog\/wp-json\/wp\/v2\/media?parent=3899"}],"curies":[{"name":"wp","href":"https:\/\/api.w.org\/{rel}","templated":true}]}}