{"id":3798,"date":"2021-06-22T16:51:44","date_gmt":"2021-06-22T19:51:44","guid":{"rendered":"https:\/\/opticaluro.com.ar\/blog\/?page_id=3798"},"modified":"2021-06-22T18:07:03","modified_gmt":"2021-06-22T21:07:03","slug":"wrangler","status":"publish","type":"page","link":"https:\/\/opticaluro.com.ar\/blog\/wrangler\/","title":{"rendered":"Wrangler"},"content":{"rendered":"<p><img loading=\"lazy\" class=\"alignleft wp-image-3704\" src=\"https:\/\/opticaluro.com.ar\/blog\/wp-content\/uploads\/2021\/06\/wrangler.png\" alt=\"Wrangler\" width=\"104\" height=\"62\" \/>Los anteojos <strong>Wrangler<\/strong> proponen un estilo actual y cl\u00e1sico, ofreciendo colecciones inspiradas en la herencia, las ra\u00edces, la tradici\u00f3n, la b\u00fasqueda de la independencia y la libertad.<\/p>\n<div class=\"col-md-4\">\n<h2 class=\"titant\"><span style=\"color: #333333;\"><strong>ANTEOJOS DE SOL<\/strong><\/span><\/h2>\n<div id='gallery-1' class='gallery galleryid-3798 gallery-columns-2 gallery-size-full'><dl class='gallery-item'>\n\t\t\t<dt class='gallery-icon landscape'>\n\t\t\t\t<a href='https:\/\/opticaluro.com.ar\/blog\/wp-content\/uploads\/2021\/06\/wrangler-6020.jpg'><img width=\"750\" height=\"322\" src=\"https:\/\/opticaluro.com.ar\/blog\/wp-content\/uploads\/2021\/06\/wrangler-6020.jpg\" class=\"attachment-full size-full\" alt=\"wrangler- 6020-\" loading=\"lazy\" aria-describedby=\"gallery-1-3806\" srcset=\"https:\/\/opticaluro.com.ar\/blog\/wp-content\/uploads\/2021\/06\/wrangler-6020.jpg 750w, https:\/\/opticaluro.com.ar\/blog\/wp-content\/uploads\/2021\/06\/wrangler-6020-300x129.jpg 300w\" sizes=\"(max-width: 750px) 100vw, 750px\" \/><\/a>\n\t\t\t<\/dt>\n\t\t\t\t<dd class='wp-caption-text gallery-caption' id='gallery-1-3806'>\n\t\t\t\tWrangler-6020\n\t\t\t\t<\/dd><\/dl><dl class='gallery-item'>\n\t\t\t<dt class='gallery-icon landscape'>\n\t\t\t\t<a href='https:\/\/opticaluro.com.ar\/blog\/wp-content\/uploads\/2021\/06\/wrangler-6103.jpg'><img width=\"750\" height=\"322\" src=\"https:\/\/opticaluro.com.ar\/blog\/wp-content\/uploads\/2021\/06\/wrangler-6103.jpg\" class=\"attachment-full size-full\" alt=\"wrangler- 6103\" loading=\"lazy\" aria-describedby=\"gallery-1-3807\" srcset=\"https:\/\/opticaluro.com.ar\/blog\/wp-content\/uploads\/2021\/06\/wrangler-6103.jpg 750w, https:\/\/opticaluro.com.ar\/blog\/wp-content\/uploads\/2021\/06\/wrangler-6103-300x129.jpg 300w\" sizes=\"(max-width: 750px) 100vw, 750px\" \/><\/a>\n\t\t\t<\/dt>\n\t\t\t\t<dd class='wp-caption-text gallery-caption' id='gallery-1-3807'>\n\t\t\t\tWrangler-6103\n\t\t\t\t<\/dd><\/dl><br style=\"clear: both\" \/>\n\t\t<\/div>\n\n<h2 class=\"titant\"><span style=\"color: #333333;\"><strong>ANTEOJOS RECETADOS<\/strong><\/span><\/h2>\n<div id='gallery-2' class='gallery galleryid-3798 gallery-columns-2 gallery-size-full'><dl class='gallery-item'>\n\t\t\t<dt class='gallery-icon landscape'>\n\t\t\t\t<a href='https:\/\/opticaluro.com.ar\/blog\/wp-content\/uploads\/2021\/06\/wrangler-988.jpg'><img width=\"750\" height=\"322\" src=\"https:\/\/opticaluro.com.ar\/blog\/wp-content\/uploads\/2021\/06\/wrangler-988.jpg\" class=\"attachment-full size-full\" alt=\"wrangler- 988-\" loading=\"lazy\" aria-describedby=\"gallery-2-3808\" srcset=\"https:\/\/opticaluro.com.ar\/blog\/wp-content\/uploads\/2021\/06\/wrangler-988.jpg 750w, https:\/\/opticaluro.com.ar\/blog\/wp-content\/uploads\/2021\/06\/wrangler-988-300x129.jpg 300w\" sizes=\"(max-width: 750px) 100vw, 750px\" \/><\/a>\n\t\t\t<\/dt>\n\t\t\t\t<dd class='wp-caption-text gallery-caption' id='gallery-2-3808'>\n\t\t\t\tWrangler-988\n\t\t\t\t<\/dd><\/dl><dl class='gallery-item'>\n\t\t\t<dt class='gallery-icon landscape'>\n\t\t\t\t<a href='https:\/\/opticaluro.com.ar\/blog\/wp-content\/uploads\/2021\/06\/wrangler-3764-1.jpg'><img width=\"750\" height=\"322\" src=\"https:\/\/opticaluro.com.ar\/blog\/wp-content\/uploads\/2021\/06\/wrangler-3764-1.jpg\" class=\"attachment-full size-full\" alt=\"wrangler- 3764\" loading=\"lazy\" aria-describedby=\"gallery-2-3811\" srcset=\"https:\/\/opticaluro.com.ar\/blog\/wp-content\/uploads\/2021\/06\/wrangler-3764-1.jpg 750w, https:\/\/opticaluro.com.ar\/blog\/wp-content\/uploads\/2021\/06\/wrangler-3764-1-300x129.jpg 300w\" sizes=\"(max-width: 750px) 100vw, 750px\" \/><\/a>\n\t\t\t<\/dt>\n\t\t\t\t<dd class='wp-caption-text gallery-caption' id='gallery-2-3811'>\n\t\t\t\tWrangler-3764\n\t\t\t\t<\/dd><\/dl><br style=\"clear: both\" \/>\n\t\t<\/div>\n\n<p><a href=\"https:\/\/opticaluro.com.ar\/blog\/marcas-anteojos\/\"><img loading=\"lazy\" class=\"size-full wp-image-3621 alignleft\" src=\"https:\/\/opticaluro.com.ar\/blog\/wp-content\/uploads\/2021\/06\/ver-otras-marcas2.jpg\" alt=\"\" width=\"166\" height=\"45\" \/><\/a><a href=\"https:\/\/opticaluro.com.ar\/contacto.html\" target=\"_blank\" rel=\"noopener\"><img loading=\"lazy\" class=\"alignright size-full wp-image-3620\" src=\"https:\/\/opticaluro.com.ar\/blog\/wp-content\/uploads\/2021\/06\/contacto2.jpg\" alt=\"\" width=\"423\" height=\"45\" srcset=\"https:\/\/opticaluro.com.ar\/blog\/wp-content\/uploads\/2021\/06\/contacto2.jpg 423w, https:\/\/opticaluro.com.ar\/blog\/wp-content\/uploads\/2021\/06\/contacto2-300x32.jpg 300w\" sizes=\"(max-width: 423px) 100vw, 423px\" \/><\/a><\/p>\n<\/div>\n<p>&nbsp;<\/p>\n","protected":false},"excerpt":{"rendered":"<p>Los anteojos Wrangler proponen un estilo actual y cl\u00e1sico, ofreciendo colecciones inspiradas en la herencia, las ra\u00edces, la tradici\u00f3n, la b\u00fasqueda de la independencia y la libertad. ANTEOJOS DE SOL ANTEOJOS RECETADOS &nbsp;<\/p>\n","protected":false},"author":1,"featured_media":0,"parent":0,"menu_order":0,"comment_status":"closed","ping_status":"closed","template":"onecolumn-page.php","meta":[],"_links":{"self":[{"href":"https:\/\/opticaluro.com.ar\/blog\/wp-json\/wp\/v2\/pages\/3798"}],"collection":[{"href":"https:\/\/opticaluro.com.ar\/blog\/wp-json\/wp\/v2\/pages"}],"about":[{"href":"https:\/\/opticaluro.com.ar\/blog\/wp-json\/wp\/v2\/types\/page"}],"author":[{"embeddable":true,"href":"https:\/\/opticaluro.com.ar\/blog\/wp-json\/wp\/v2\/users\/1"}],"replies":[{"embeddable":true,"href":"https:\/\/opticaluro.com.ar\/blog\/wp-json\/wp\/v2\/comments?post=3798"}],"version-history":[{"count":7,"href":"https:\/\/opticaluro.com.ar\/blog\/wp-json\/wp\/v2\/pages\/3798\/revisions"}],"predecessor-version":[{"id":3848,"href":"https:\/\/opticaluro.com.ar\/blog\/wp-json\/wp\/v2\/pages\/3798\/revisions\/3848"}],"wp:attachment":[{"href":"https:\/\/opticaluro.com.ar\/blog\/wp-json\/wp\/v2\/media?parent=3798"}],"curies":[{"name":"wp","href":"https:\/\/api.w.org\/{rel}","templated":true}]}}